{"id":350,"date":"2023-01-09T04:04:24","date_gmt":"2023-01-09T04:04:24","guid":{"rendered":"http:\/\/www.daycotel.com\/wordpress\/integraciones-5\/"},"modified":"2024-09-04T05:21:31","modified_gmt":"2024-09-04T05:21:31","slug":"integraciones-5","status":"publish","type":"page","link":"http:\/\/www.daycotel.com\/wordpress\/integraciones-5\/","title":{"rendered":"integraciones"},"content":{"rendered":"\n    \n    <section class=\"u-carousel u-slide u-valign-middle u-block-3031-1\" id=\"carousel_61f4\" data-interval=\"5000\" data-u-ride=\"carousel\">\n      <ol class=\"u-absolute-hcenter u-carousel-indicators u-block-3031-2\">\n        <li data-u-target=\"#carousel_61f4\" class=\"u-active u-grey-30\" data-u-slide-to=\"0\"><\/li>\n        <li data-u-target=\"#carousel_61f4\" class=\"u-grey-30\" data-u-slide-to=\"1\"><\/li>\n        <li data-u-target=\"#carousel_61f4\" class=\"u-grey-30\" data-u-slide-to=\"2\"><\/li>\n      <\/ol>\n      <div class=\"u-carousel-inner\" role=\"listbox\">\n        <div class=\"u-active u-align-center u-carousel-item u-clearfix u-palette-2-base u-section-2-1\">\n          <div class=\"u-clearfix u-sheet u-sheet-1\">\n            <h1 class=\"u-align-center u-text u-text-default u-title u-text-1\">Soportando el exito de tu ne\u200bgocio<\/h1>\n          <\/div>\n        <\/div>\n        <div class=\"u-align-center u-carousel-item u-clearfix u-palette-2-base u-section-2-2\">\n          <div class=\"u-clearfix u-sheet u-sheet-1\">\n            <h1 class=\"u-align-center u-text u-text-default u-title u-text-1\">Con las mejores opciones de tecnologia a tu alcance<\/h1>\n          <\/div>\n        <\/div>\n        <div class=\"u-align-center u-carousel-item u-clearfix u-palette-2-base u-section-2-3\">\n          <div class=\"u-clearfix u-sheet u-sheet-1\">\n            <h1 class=\"u-align-center u-text u-text-default u-title u-text-1\">El mejor precio y el mejor servicio<\/h1>\n          <\/div>\n        <\/div>\n      <\/div>\n      <a class=\"u-absolute-vcenter u-carousel-control u-carousel-control-prev u-text-grey-30 u-block-3031-3\" href=\"#carousel_61f4\" role=\"button\" data-u-slide=\"prev\">\n        <span aria-hidden=\"true\">\n          <svg class=\"u-svg-link\" viewBox=\"0 0 477.175 477.175\"><path d=\"M145.188,238.575l215.5-215.5c5.3-5.3,5.3-13.8,0-19.1s-13.8-5.3-19.1,0l-225.1,225.1c-5.3,5.3-5.3,13.8,0,19.1l225.1,225\n                    c2.6,2.6,6.1,4,9.5,4s6.9-1.3,9.5-4c5.3-5.3,5.3-13.8,0-19.1L145.188,238.575z\"><\/path><\/svg>\n        <\/span>\n        <span class=\"sr-only\">Previous<\/span>\n      <\/a>\n      <a class=\"u-absolute-vcenter u-carousel-control u-carousel-control-next u-text-grey-30 u-block-3031-4\" href=\"#carousel_61f4\" role=\"button\" data-u-slide=\"next\">\n        <span aria-hidden=\"true\">\n          <svg class=\"u-svg-link\" viewBox=\"0 0 477.175 477.175\"><path d=\"M360.731,229.075l-225.1-225.1c-5.3-5.3-13.8-5.3-19.1,0s-5.3,13.8,0,19.1l215.5,215.5l-215.5,215.5\n                    c-5.3,5.3-5.3,13.8,0,19.1c2.6,2.6,6.1,4,9.5,4c3.4,0,6.9-1.3,9.5-4l225.1-225.1C365.931,242.875,365.931,234.275,360.731,229.075z\"><\/path><\/svg>\n        <\/span>\n        <span class=\"sr-only\">Siguiente<\/span>\n      <\/a>\n    <\/section>\n    <section class=\"u-clearfix u-grey-10 u-valign-middle u-section-3\" id=\"carousel_63c3\">\n      <div class=\"u-container-style u-expanded-width u-group u-image u-radius-15 u-shape-round u-image-1\" data-image-width=\"589\" data-image-height=\"300\" style=\"background-image: url(&quot;http:\/\/www.daycotel.com\/wordpress\/wp-content\/uploads\/2023\/01\/idemia-1.jpg&quot;);\">\n        <div class=\"u-container-layout u-container-layout-1\">\n          <div class=\"u-border-1 u-border-palette-1-light-2 u-container-style u-group u-radius-15 u-shape-round u-white u-group-2\" data-animation-name=\"pulse\" data-animation-duration=\"1500\" data-animation-direction=\"\">\n            <div class=\"u-container-layout u-container-layout-2\">\n              <div class=\"u-container-style u-expanded-width u-group u-shape-rectangle u-white u-group-3\">\n                <div class=\"u-container-layout u-container-layout-3\">\n                  <h2 class=\"u-align-center u-text u-text-1\"> Integraci\u00f3n de sistemas biom\u00e9tricos&nbsp;<\/h2>\n                  <ul class=\"u-custom-list u-text u-text-2\">\n                    <li>\n                      <div class=\"u-list-icon\">\n                        <svg xmlns=\"http:\/\/www.w3.org\/2000\/svg\" xmlns:xlink=\"http:\/\/www.w3.org\/1999\/xlink\" version=\"1.1\" xml:space=\"preserve\" class=\"u-svg-content\" viewBox=\"0 0 512 512\" id=\"svg-e73e\"><path d=\"m256 0c-141.164062 0-256 114.835938-256 256s114.835938 256 256 256 256-114.835938 256-256-114.835938-256-256-256zm0 0\" fill=\"#2196f3\"><\/path><path d=\"m385.75 201.75-138.667969 138.664062c-4.160156 4.160157-9.621093 6.253907-15.082031 6.253907s-10.921875-2.09375-15.082031-6.253907l-69.332031-69.332031c-8.34375-8.339843-8.34375-21.824219 0-30.164062 8.339843-8.34375 21.820312-8.34375 30.164062 0l54.25 54.25 123.585938-123.582031c8.339843-8.34375 21.820312-8.34375 30.164062 0 8.339844 8.339843 8.339844 21.820312 0 30.164062zm0 0\" fill=\"#fafafa\"><\/path><\/svg>\n                      <\/div> Sistemas de Tiempo y asistencia. \n                    <\/li>\n                    <li>\n                      <div class=\"u-list-icon\">\n                        <svg xmlns=\"http:\/\/www.w3.org\/2000\/svg\" xmlns:xlink=\"http:\/\/www.w3.org\/1999\/xlink\" version=\"1.1\" xml:space=\"preserve\" class=\"u-svg-content\" viewBox=\"0 0 512 512\" id=\"svg-e73e\"><path d=\"m256 0c-141.164062 0-256 114.835938-256 256s114.835938 256 256 256 256-114.835938 256-256-114.835938-256-256-256zm0 0\" fill=\"#2196f3\"><\/path><path d=\"m385.75 201.75-138.667969 138.664062c-4.160156 4.160157-9.621093 6.253907-15.082031 6.253907s-10.921875-2.09375-15.082031-6.253907l-69.332031-69.332031c-8.34375-8.339843-8.34375-21.824219 0-30.164062 8.339843-8.34375 21.820312-8.34375 30.164062 0l54.25 54.25 123.585938-123.582031c8.339843-8.34375 21.820312-8.34375 30.164062 0 8.339844 8.339843 8.339844 21.820312 0 30.164062zm0 0\" fill=\"#fafafa\"><\/path><\/svg>\n                      <\/div>Integraci\u00f3n con sistemas de Nomina. \n                    <\/li>\n                    <li>\n                      <div class=\"u-list-icon\">\n                        <svg xmlns=\"http:\/\/www.w3.org\/2000\/svg\" xmlns:xlink=\"http:\/\/www.w3.org\/1999\/xlink\" version=\"1.1\" xml:space=\"preserve\" class=\"u-svg-content\" viewBox=\"0 0 512 512\" id=\"svg-e73e\"><path d=\"m256 0c-141.164062 0-256 114.835938-256 256s114.835938 256 256 256 256-114.835938 256-256-114.835938-256-256-256zm0 0\" fill=\"#2196f3\"><\/path><path d=\"m385.75 201.75-138.667969 138.664062c-4.160156 4.160157-9.621093 6.253907-15.082031 6.253907s-10.921875-2.09375-15.082031-6.253907l-69.332031-69.332031c-8.34375-8.339843-8.34375-21.824219 0-30.164062 8.339843-8.34375 21.820312-8.34375 30.164062 0l54.25 54.25 123.585938-123.582031c8.339843-8.34375 21.820312-8.34375 30.164062 0 8.339844 8.339843 8.339844 21.820312 0 30.164062zm0 0\" fill=\"#fafafa\"><\/path><\/svg>\n                      <\/div>Control de acceso por Biometr\u00eda sin contacto y por medio de huella digital. \n                    <\/li>\n                    <li>\n                      <div class=\"u-list-icon\">\n                        <svg xmlns=\"http:\/\/www.w3.org\/2000\/svg\" xmlns:xlink=\"http:\/\/www.w3.org\/1999\/xlink\" version=\"1.1\" xml:space=\"preserve\" class=\"u-svg-content\" viewBox=\"0 0 512 512\" id=\"svg-e73e\"><path d=\"m256 0c-141.164062 0-256 114.835938-256 256s114.835938 256 256 256 256-114.835938 256-256-114.835938-256-256-256zm0 0\" fill=\"#2196f3\"><\/path><path d=\"m385.75 201.75-138.667969 138.664062c-4.160156 4.160157-9.621093 6.253907-15.082031 6.253907s-10.921875-2.09375-15.082031-6.253907l-69.332031-69.332031c-8.34375-8.339843-8.34375-21.824219 0-30.164062 8.339843-8.34375 21.820312-8.34375 30.164062 0l54.25 54.25 123.585938-123.582031c8.339843-8.34375 21.820312-8.34375 30.164062 0 8.339844 8.339843 8.339844 21.820312 0 30.164062zm0 0\" fill=\"#fafafa\"><\/path><\/svg>\n                      <\/div>Integraci\u00f3n de MorphoManager con otras plataformas de control de acceso como Lenel, PremiSys, C-Cure, Aurora etc. \n                    <\/li>\n                    <li>\n                      <div class=\"u-list-icon\">\n                        <svg xmlns=\"http:\/\/www.w3.org\/2000\/svg\" xmlns:xlink=\"http:\/\/www.w3.org\/1999\/xlink\" version=\"1.1\" xml:space=\"preserve\" class=\"u-svg-content\" viewBox=\"0 0 512 512\" id=\"svg-e73e\"><path d=\"m256 0c-141.164062 0-256 114.835938-256 256s114.835938 256 256 256 256-114.835938 256-256-114.835938-256-256-256zm0 0\" fill=\"#2196f3\"><\/path><path d=\"m385.75 201.75-138.667969 138.664062c-4.160156 4.160157-9.621093 6.253907-15.082031 6.253907s-10.921875-2.09375-15.082031-6.253907l-69.332031-69.332031c-8.34375-8.339843-8.34375-21.824219 0-30.164062 8.339843-8.34375 21.820312-8.34375 30.164062 0l54.25 54.25 123.585938-123.582031c8.339843-8.34375 21.820312-8.34375 30.164062 0 8.339844 8.339843 8.339844 21.820312 0 30.164062zm0 0\" fill=\"#fafafa\"><\/path><\/svg>\n                      <\/div>Desarrollo de aplicaciones para biom\u00e9tricos con Morphomanager \n                    <\/li>\n                    <li>\n                      <div class=\"u-list-icon\">\n                        <svg xmlns=\"http:\/\/www.w3.org\/2000\/svg\" xmlns:xlink=\"http:\/\/www.w3.org\/1999\/xlink\" version=\"1.1\" xml:space=\"preserve\" class=\"u-svg-content\" viewBox=\"0 0 512 512\" id=\"svg-e73e\"><path d=\"m256 0c-141.164062 0-256 114.835938-256 256s114.835938 256 256 256 256-114.835938 256-256-114.835938-256-256-256zm0 0\" fill=\"#2196f3\"><\/path><path d=\"m385.75 201.75-138.667969 138.664062c-4.160156 4.160157-9.621093 6.253907-15.082031 6.253907s-10.921875-2.09375-15.082031-6.253907l-69.332031-69.332031c-8.34375-8.339843-8.34375-21.824219 0-30.164062 8.339843-8.34375 21.820312-8.34375 30.164062 0l54.25 54.25 123.585938-123.582031c8.339843-8.34375 21.820312-8.34375 30.164062 0 8.339844 8.339843 8.339844 21.820312 0 30.164062zm0 0\" fill=\"#fafafa\"><\/path><\/svg>\n                      <\/div>\n                      <a href=\"http:\/\/www.daycotel.com\/wordpress\/uncategorized\/products\/\" class=\"u-active-none u-border-none u-btn u-button-link u-button-style u-hover-none u-none u-text-palette-1-base u-btn-1\">Descargar Plugins<\/a>\n                    <\/li>\n                  <\/ul>\n                <\/div>\n              <\/div>\n            <\/div>\n          <\/div>\n        <\/div>\n      <\/div>\n    <\/section>\n    \n    \n    \n  \n","protected":false},"excerpt":{"rendered":"<p>Soportando el exito de tu ne\u200bgocio Con las mejores opciones de tecnologia a tu alcance El mejor precio y el mejor servicio Previous Siguiente Integraci\u00f3n de sistemas biom\u00e9tricos&nbsp; Sistemas de Tiempo y asistencia. Integraci\u00f3n con sistemas de Nomina. Control de acceso por Biometr\u00eda sin contacto y por medio de huella digital. Integraci\u00f3n de MorphoManager con &hellip; <a href=\"http:\/\/www.daycotel.com\/wordpress\/integraciones-5\/\" class=\"more-link\">Continue reading<span class=\"screen-reader-text\"> &#8220;integraciones&#8221;<\/span><\/a><\/p>\n","protected":false},"author":1,"featured_media":0,"parent":0,"menu_order":4,"comment_status":"closed","ping_status":"closed","template":"","meta":{"footnotes":""},"class_list":["post-350","page","type-page","status-publish","hentry"],"_links":{"self":[{"href":"http:\/\/www.daycotel.com\/wordpress\/wp-json\/wp\/v2\/pages\/350","targetHints":{"allow":["GET"]}}],"collection":[{"href":"http:\/\/www.daycotel.com\/wordpress\/wp-json\/wp\/v2\/pages"}],"about":[{"href":"http:\/\/www.daycotel.com\/wordpress\/wp-json\/wp\/v2\/types\/page"}],"author":[{"embeddable":true,"href":"http:\/\/www.daycotel.com\/wordpress\/wp-json\/wp\/v2\/users\/1"}],"replies":[{"embeddable":true,"href":"http:\/\/www.daycotel.com\/wordpress\/wp-json\/wp\/v2\/comments?post=350"}],"version-history":[{"count":2,"href":"http:\/\/www.daycotel.com\/wordpress\/wp-json\/wp\/v2\/pages\/350\/revisions"}],"predecessor-version":[{"id":448,"href":"http:\/\/www.daycotel.com\/wordpress\/wp-json\/wp\/v2\/pages\/350\/revisions\/448"}],"wp:attachment":[{"href":"http:\/\/www.daycotel.com\/wordpress\/wp-json\/wp\/v2\/media?parent=350"}],"curies":[{"name":"wp","href":"https:\/\/api.w.org\/{rel}","templated":true}]}}