{"id":349,"date":"2023-01-09T04:04:23","date_gmt":"2023-01-09T04:04:23","guid":{"rendered":"http:\/\/www.daycotel.com\/wordpress\/inicio-7\/"},"modified":"2025-10-22T03:56:17","modified_gmt":"2025-10-22T03:56:17","slug":"inicio-7","status":"publish","type":"page","link":"http:\/\/www.daycotel.com\/wordpress\/inicio-7\/","title":{"rendered":"Inicio"},"content":{"rendered":"\n    \n    <section class=\"u-carousel u-slide u-block-f838-1\" id=\"carousel_c237\" data-interval=\"5000\" data-u-ride=\"carousel\">\n      <ol class=\"u-absolute-hcenter u-carousel-indicators u-block-f838-2\">\n        <li data-u-target=\"#carousel_c237\" class=\"u-active u-grey-30\" data-u-slide-to=\"0\"><\/li>\n        <li data-u-target=\"#carousel_c237\" class=\"u-grey-30\" data-u-slide-to=\"1\"><\/li>\n        <li data-u-target=\"#carousel_c237\" class=\"u-grey-30\" data-u-slide-to=\"2\"><\/li>\n      <\/ol>\n      <div class=\"u-carousel-inner\" role=\"listbox\">\n        <div class=\"u-active u-align-center u-carousel-item u-clearfix u-palette-2-base u-section-2-1\" data-animation-name=\"\" data-animation-duration=\"0\" data-animation-delay=\"0\" data-animation-direction=\"\">\n          <div class=\"u-clearfix u-sheet u-sheet-1\">\n            <h1 class=\"u-text u-text-default u-title u-text-1\"> Soportando el \u00e9xito de tu ne\u200bgocio<\/h1>\n          <\/div>\n        <\/div>\n        <div class=\"u-align-center u-carousel-item u-clearfix u-palette-2-base u-section-2-2\" data-animation-name=\"\" data-animation-duration=\"0\" data-animation-delay=\"0\" data-animation-direction=\"\">\n          <div class=\"u-clearfix u-sheet u-sheet-1\">\n            <h1 class=\"u-text u-text-default u-title u-text-1\"> Con las mejores opciones de tecnolog\u00eda a tu alcance<\/h1>\n          <\/div>\n        <\/div>\n        <div class=\"u-align-center u-carousel-item u-clearfix u-palette-2-base u-section-2-3\" data-animation-name=\"\" data-animation-duration=\"0\" data-animation-delay=\"0\" data-animation-direction=\"\">\n          <div class=\"u-clearfix u-sheet u-sheet-1\">\n            <h1 class=\"u-text u-text-default u-title u-text-1\"> El mejor precio y el mejor servicio<\/h1>\n          <\/div>\n        <\/div>\n      <\/div>\n      <a class=\"u-absolute-vcenter u-carousel-control u-carousel-control-prev u-text-grey-30 u-block-f838-3\" href=\"#carousel_c237\" role=\"button\" data-u-slide=\"prev\">\n        <span aria-hidden=\"true\">\n          <svg class=\"u-svg-link\" viewBox=\"0 0 477.175 477.175\"><path d=\"M145.188,238.575l215.5-215.5c5.3-5.3,5.3-13.8,0-19.1s-13.8-5.3-19.1,0l-225.1,225.1c-5.3,5.3-5.3,13.8,0,19.1l225.1,225\n                    c2.6,2.6,6.1,4,9.5,4s6.9-1.3,9.5-4c5.3-5.3,5.3-13.8,0-19.1L145.188,238.575z\"><\/path><\/svg>\n        <\/span>\n        <span class=\"sr-only\">Previous<\/span>\n      <\/a>\n      <a class=\"u-absolute-vcenter u-carousel-control u-carousel-control-next u-text-grey-30 u-block-f838-4\" href=\"#carousel_c237\" role=\"button\" data-u-slide=\"next\">\n        <span aria-hidden=\"true\">\n          <svg class=\"u-svg-link\" viewBox=\"0 0 477.175 477.175\"><path d=\"M360.731,229.075l-225.1-225.1c-5.3-5.3-13.8-5.3-19.1,0s-5.3,13.8,0,19.1l215.5,215.5l-215.5,215.5\n                    c-5.3,5.3-5.3,13.8,0,19.1c2.6,2.6,6.1,4,9.5,4c3.4,0,6.9-1.3,9.5-4l225.1-225.1C365.931,242.875,365.931,234.275,360.731,229.075z\"><\/path><\/svg>\n        <\/span>\n        <span class=\"sr-only\">Siguiente<\/span>\n      <\/a>\n    <\/section>\n    <section class=\"u-clearfix u-white u-section-3\" id=\"carousel_fee8\">\n      <div class=\"u-clearfix u-layout-wrap u-layout-wrap-1\">\n        <div class=\"u-layout\">\n          <div class=\"u-layout-row\">\n            <div class=\"u-align-left u-container-style u-layout-cell u-left-cell u-size-23 u-layout-cell-1\">\n              <div class=\"u-container-layout u-container-layout-1\">\n                <div class=\"u-border-6 u-border-palette-2-base u-line u-line-horizontal u-line-1\"><\/div>\n                <h1 class=\"u-custom-font u-font-raleway u-text u-text-palette-2-base u-title u-text-1\">Servicios<\/h1>\n                <p class=\"u-text u-text-2\">&nbsp;Daycotel proporciona servicios de soluciones de&nbsp; tecnolog\u00eda, de acuerdo con las necesidades y requerimientos de nuestros clientes, para lo cual integra los productos necesarios para&nbsp; cubrir las expectativas de acuerdo al tama\u00f1o y giro de su negocio..<\/p>\n              <\/div>\n            <\/div>\n            <div class=\"u-container-style u-image u-layout-cell u-right-cell u-size-37 u-image-1\" data-image-width=\"1553\" data-image-height=\"1000\" style=\"background-image: url(&quot;http:\/\/www.daycotel.com\/wordpress\/wp-content\/uploads\/2023\/01\/798624906-0-1.jpeg&quot;);\">\n              <div class=\"u-container-layout u-container-layout-2\"><\/div>\n            <\/div>\n          <\/div>\n        <\/div>\n      <\/div>\n    <\/section>\n    <section class=\"u-align-center u-clearfix u-palette-2-light-2 u-section-4\" id=\"carousel_e0bd\">\n      <div class=\"u-clearfix u-sheet u-sheet-1\">\n        <h1 class=\"u-text u-text-default u-text-palette-2-base u-text-1\"> Nuestros Servicios<\/h1>\n        <div class=\"u-expanded-width u-list u-list-1\">\n          <div class=\"u-repeater u-repeater-1\">\n            <div class=\"u-align-center u-container-style u-list-item u-radius-15 u-repeater-item u-shape-round u-white u-list-item-1\">\n              <div class=\"u-container-layout u-similar-container u-valign-bottom u-container-layout-1\"><span class=\"u-file-icon u-icon u-icon-circle u-palette-2-light-3 u-text-palette-2-light-1 u-icon-1\"><img decoding=\"async\" src=\"http:\/\/www.daycotel.com\/wordpress\/wp-content\/uploads\/2023\/01\/a723bce7-1.png\" alt=\"\"><\/span>\n                <h5 class=\"u-custom-font u-font-raleway u-text u-text-default u-text-palette-2-base u-text-2\">Redes e instalaciones<\/h5>\n                <p class=\"u-text u-text-palette-2-dark-2 u-text-3\">Le ofrecemos la instalaci\u00f3n y mantenimiento de cableado estructurado que le permitir\u00e1 poseer una excelente infraestructura de redes y comunicaci\u00f3n de datos.<\/p>\n                <a href=\"http:\/\/www.daycotel.com\/wordpress\/instalaciones-7\/\" class=\"u-border-2 u-border-active-grey-30 u-border-hover-grey-30 u-border-palette-2-base u-btn u-btn-round u-button-style u-custom-font u-none u-radius-3 u-text-active-black u-text-body-color u-text-hover-black u-btn-1\">ver m\u00e1s...<\/a>\n              <\/div>\n            <\/div>\n            <div class=\"u-align-center u-container-style u-list-item u-radius-15 u-repeater-item u-shape-round u-white u-list-item-2\">\n              <div class=\"u-container-layout u-similar-container u-valign-bottom u-container-layout-2\"><span class=\"u-file-icon u-icon u-icon-circle u-palette-2-light-3 u-text-palette-2-light-1 u-icon-2\"><img decoding=\"async\" src=\"http:\/\/www.daycotel.com\/wordpress\/wp-content\/uploads\/2023\/01\/72f19d36-1.png\" alt=\"\"><\/span>\n                <h5 class=\"u-custom-font u-font-raleway u-text u-text-default u-text-palette-2-base u-text-4\">infraestructura y servicios<\/h5>\n                <p class=\"u-text u-text-palette-2-dark-2 u-text-5\">&nbsp;Venta de computadoras, servidores, laptops, impresoras, multifuncionales, memorias, consumibles, accesorios, software de oficina y servicios administrados.<br>\n                <\/p>\n                <a href=\"http:\/\/www.daycotel.com\/wordpress\/equipos-5\/\" class=\"u-border-2 u-border-active-grey-30 u-border-hover-grey-30 u-border-palette-2-base u-btn u-btn-round u-button-style u-custom-font u-none u-radius-3 u-text-active-black u-text-body-color u-text-hover-black u-btn-2\">ver m\u00e1s...<\/a>\n              <\/div>\n            <\/div>\n            <div class=\"u-align-center u-container-style u-list-item u-radius-15 u-repeater-item u-shape-round u-white u-list-item-3\">\n              <div class=\"u-container-layout u-similar-container u-valign-bottom u-container-layout-3\"><span class=\"u-file-icon u-icon u-icon-circle u-palette-2-light-3 u-text-palette-2-light-1 u-icon-3\"><img decoding=\"async\" src=\"http:\/\/www.daycotel.com\/wordpress\/wp-content\/uploads\/2023\/01\/f1fe9628-1.png\" alt=\"\"><\/span>\n                <h5 class=\"u-custom-font u-font-raleway u-text u-text-default u-text-palette-2-base u-text-6\"> integraciones con biometr\u00eda<\/h5>\n                <p class=\"u-text u-text-palette-2-dark-2 u-text-7\">Le ofrecemos completa intregracion de sus sistemas de control de acceso por medio de BioBridge Universal<br>\n                  <br>\n                  <br>\n                <\/p>\n                <a href=\"http:\/\/www.daycotel.com\/wordpress\/integraciones-5\/\" class=\"u-border-2 u-border-active-grey-30 u-border-hover-grey-30 u-border-palette-2-base u-btn u-btn-round u-button-style u-custom-font u-none u-radius-3 u-text-active-black u-text-body-color u-text-hover-black u-btn-3\">ver m\u00e1s...<\/a>\n              <\/div>\n            <\/div>\n          <\/div>\n        <\/div>\n      <\/div>\n    <\/section>\n    <section class=\"u-align-center u-clearfix u-palette-2-base u-section-5\" id=\"carousel_daca\">\n      <div class=\"u-clearfix u-sheet u-sheet-1\">\n        <h2 class=\"u-text u-text-1\">\u00a1S\u00edguenos!<\/h2>\n        <div class=\"u-social-icons u-spacing-20 u-social-icons-1\">\n          <a class=\"u-social-url\" target=\"_blank\" href=\"\"><span class=\"u-icon u-icon-circle u-social-facebook u-social-icon u-icon-1\">\n          <svg class=\"u-svg-link\" preserveAspectRatio=\"xMidYMin slice\" viewBox=\"0 0 112 112\" style=\"\"><use xmlns:xlink=\"http:\/\/www.w3.org\/1999\/xlink\" xlink:href=\"#svg-f107\"><\/use><\/svg>\n          <svg x=\"0px\" y=\"0px\" viewBox=\"0 0 112 112\" id=\"svg-f107\" class=\"u-svg-content\"><path d=\"M75.5,28.8H65.4c-1.5,0-4,0.9-4,4.3v9.4h13.9l-1.5,15.8H61.4v45.1H42.8V58.3h-8.8V42.4h8.8V32.2 c0-7.4,3.4-18.8,18.8-18.8h13.8v15.4H75.5z\"><\/path><\/svg>\n        <\/span>\n          <\/a>\n          <a class=\"u-social-url\" target=\"_blank\" href=\"\"><span class=\"u-icon u-icon-circle u-social-icon u-social-twitter u-icon-2\">\n          <svg class=\"u-svg-link\" preserveAspectRatio=\"xMidYMin slice\" viewBox=\"0 0 112 112\" style=\"\"><use xmlns:xlink=\"http:\/\/www.w3.org\/1999\/xlink\" xlink:href=\"#svg-e140\"><\/use><\/svg>\n          <svg x=\"0px\" y=\"0px\" viewBox=\"0 0 112 112\" id=\"svg-e140\" class=\"u-svg-content\"><path d=\"M92.2,38.2c0,0.8,0,1.6,0,2.3c0,24.3-18.6,52.4-52.6,52.4c-10.6,0.1-20.2-2.9-28.5-8.2 c1.4,0.2,2.9,0.2,4.4,0.2c8.7,0,16.7-2.9,23-7.9c-8.1-0.2-14.9-5.5-17.3-12.8c1.1,0.2,2.4,0.2,3.4,0.2c1.6,0,3.3-0.2,4.8-0.7 c-8.4-1.6-14.9-9.2-14.9-18c0-0.2,0-0.2,0-0.2c2.5,1.4,5.4,2.2,8.4,2.3c-5-3.3-8.3-8.9-8.3-15.4c0-3.4,1-6.5,2.5-9.2 c9.1,11.1,22.7,18.5,38,19.2c-0.2-1.4-0.4-2.8-0.4-4.3c0.1-10,8.3-18.2,18.5-18.2c5.4,0,10.1,2.2,13.5,5.7c4.3-0.8,8.1-2.3,11.7-4.5 c-1.4,4.3-4.3,7.9-8.1,10.1c3.7-0.4,7.3-1.4,10.6-2.9C98.9,32.3,95.7,35.5,92.2,38.2z\"><\/path><\/svg>\n        <\/span>\n          <\/a>\n          <a class=\"u-social-url\" target=\"_blank\" href=\"\"><span class=\"u-icon u-icon-circle u-social-icon u-social-instagram u-icon-3\">\n          <svg class=\"u-svg-link\" preserveAspectRatio=\"xMidYMin slice\" viewBox=\"0 0 112 112\" style=\"\"><use xmlns:xlink=\"http:\/\/www.w3.org\/1999\/xlink\" xlink:href=\"#svg-4718\"><\/use><\/svg>\n          <svg x=\"0px\" y=\"0px\" viewBox=\"0 0 112 112\" id=\"svg-4718\" class=\"u-svg-content\"><path d=\"M55.9,32.9c-12.8,0-23.2,10.4-23.2,23.2s10.4,23.2,23.2,23.2s23.2-10.4,23.2-23.2S68.7,32.9,55.9,32.9z M55.9,69.4c-7.4,0-13.3-6-13.3-13.3c-0.1-7.4,6-13.3,13.3-13.3s13.3,6,13.3,13.3C69.3,63.5,63.3,69.4,55.9,69.4z\"><\/path><path d=\"M79.7,26.8c-3,0-5.4,2.5-5.4,5.4s2.5,5.4,5.4,5.4c3,0,5.4-2.5,5.4-5.4S82.7,26.8,79.7,26.8z\"><\/path><path d=\"M78.2,11H33.5C21,11,10.8,21.3,10.8,33.7v44.7c0,12.6,10.2,22.8,22.7,22.8h44.7c12.6,0,22.7-10.2,22.7-22.7 V33.7C100.8,21.1,90.6,11,78.2,11z M91,78.4c0,7.1-5.8,12.8-12.8,12.8H33.5c-7.1,0-12.8-5.8-12.8-12.8V33.7 c0-7.1,5.8-12.8,12.8-12.8h44.7c7.1,0,12.8,5.8,12.8,12.8V78.4z\"><\/path><\/svg>\n        <\/span>\n          <\/a>\n          <a class=\"u-social-url\" target=\"_blank\" href=\"#\"><span class=\"u-icon u-icon-circle u-social-icon u-social-linkedin u-icon-4\">\n          <svg class=\"u-svg-link\" preserveAspectRatio=\"xMidYMin slice\" viewBox=\"0 0 112 112\" style=\"\"><use xmlns:xlink=\"http:\/\/www.w3.org\/1999\/xlink\" xlink:href=\"#svg-438b\"><\/use><\/svg>\n          <svg x=\"0px\" y=\"0px\" viewBox=\"0 0 112 112\" id=\"svg-438b\" class=\"u-svg-content\"><path d=\"M33.8,96.8H14.5v-58h19.3V96.8z M24.1,30.9L24.1,30.9c-6.6,0-10.8-4.5-10.8-10.1c0-5.8,4.3-10.1,10.9-10.1 S34.9,15,35.1,20.8C35.1,26.4,30.8,30.9,24.1,30.9z M103.3,96.8H84.1v-31c0-7.8-2.7-13.1-9.8-13.1c-5.3,0-8.5,3.6-9.9,7.1 c-0.6,1.3-0.6,3-0.6,4.8V97H44.5c0,0,0.3-52.6,0-58h19.3v8.2c2.6-3.9,7.2-9.6,17.4-9.6c12.7,0,22.2,8.4,22.2,26.1V96.8z\"><\/path><\/svg>\n        <\/span>\n          <\/a>\n          <a class=\"u-social-url\" target=\"_blank\" href=\"#\"><span class=\"u-icon u-icon-circle u-social-icon u-social-pinterest u-icon-5\">\n          <svg class=\"u-svg-link\" preserveAspectRatio=\"xMidYMin slice\" viewBox=\"0 0 112 112\" style=\"\"><use xmlns:xlink=\"http:\/\/www.w3.org\/1999\/xlink\" xlink:href=\"#svg-3428\"><\/use><\/svg>\n          <svg x=\"0px\" y=\"0px\" viewBox=\"0 0 112 112\" id=\"svg-3428\" class=\"u-svg-content\"><path d=\"M61.9,79.8c-5.5-0.3-7.8-3.1-12-5.8c-2.3,12.4-5.4,24.3-13.8,30.5c-2.6-18.7,3.8-32.8,6.9-47.7 c-5.1-8.7,0.7-26.2,11.5-21.9c13.5,5.4-11.6,32.3,5.1,35.7c17.6,3.5,24.7-30.5,13.8-41.4c-15.7-16.1-45.7-0.5-42,22.3 c0.9,5.6,6.7,7.2,2.3,15c-10.1-2.2-13-10.2-12.7-20.7c0.6-17.3,15.5-29.3,30.5-31.1c19-2.2,36.8,6.9,39.2,24.7 C93.4,59.5,82.3,81.3,61.9,79.8z\"><\/path><\/svg>\n        <\/span>\n          <\/a>\n        <\/div>\n        <div class=\"u-border-10 u-border-white u-line u-line-horizontal u-line-1\"><\/div>\n      <\/div>\n    <\/section>\n    \n    \n    \n  \n","protected":false},"excerpt":{"rendered":"<p>Soportando el \u00e9xito de tu ne\u200bgocio Con las mejores opciones de tecnolog\u00eda a tu alcance El mejor precio y el mejor servicio Previous Siguiente Servicios &nbsp;Daycotel proporciona servicios de soluciones de&nbsp; tecnolog\u00eda, de acuerdo con las necesidades y requerimientos de nuestros clientes, para lo cual integra los productos necesarios para&nbsp; cubrir las expectativas de acuerdo &hellip; <a href=\"http:\/\/www.daycotel.com\/wordpress\/inicio-7\/\" class=\"more-link\">Continue reading<span class=\"screen-reader-text\"> &#8220;Inicio&#8221;<\/span><\/a><\/p>\n","protected":false},"author":1,"featured_media":0,"parent":0,"menu_order":3,"comment_status":"closed","ping_status":"closed","template":"","meta":{"footnotes":""},"class_list":["post-349","page","type-page","status-publish","hentry"],"_links":{"self":[{"href":"http:\/\/www.daycotel.com\/wordpress\/wp-json\/wp\/v2\/pages\/349","targetHints":{"allow":["GET"]}}],"collection":[{"href":"http:\/\/www.daycotel.com\/wordpress\/wp-json\/wp\/v2\/pages"}],"about":[{"href":"http:\/\/www.daycotel.com\/wordpress\/wp-json\/wp\/v2\/types\/page"}],"author":[{"embeddable":true,"href":"http:\/\/www.daycotel.com\/wordpress\/wp-json\/wp\/v2\/users\/1"}],"replies":[{"embeddable":true,"href":"http:\/\/www.daycotel.com\/wordpress\/wp-json\/wp\/v2\/comments?post=349"}],"version-history":[{"count":1,"href":"http:\/\/www.daycotel.com\/wordpress\/wp-json\/wp\/v2\/pages\/349\/revisions"}],"predecessor-version":[{"id":361,"href":"http:\/\/www.daycotel.com\/wordpress\/wp-json\/wp\/v2\/pages\/349\/revisions\/361"}],"wp:attachment":[{"href":"http:\/\/www.daycotel.com\/wordpress\/wp-json\/wp\/v2\/media?parent=349"}],"curies":[{"name":"wp","href":"https:\/\/api.w.org\/{rel}","templated":true}]}}