{"id":348,"date":"2023-01-09T04:04:22","date_gmt":"2023-01-09T04:04:22","guid":{"rendered":"http:\/\/www.daycotel.com\/wordpress\/instalaciones-7\/"},"modified":"2023-01-09T04:04:28","modified_gmt":"2023-01-09T04:04:28","slug":"instalaciones-7","status":"publish","type":"page","link":"http:\/\/www.daycotel.com\/wordpress\/instalaciones-7\/","title":{"rendered":"instalaciones"},"content":{"rendered":"\n  \n    <section class=\"u-carousel u-slide u-block-68b0-1\" id=\"carousel_6edd\" data-interval=\"5000\" data-u-ride=\"carousel\">\n      <ol class=\"u-absolute-hcenter u-carousel-indicators u-block-68b0-2\">\n        <li data-u-target=\"#carousel_6edd\" class=\"u-active u-grey-30\" data-u-slide-to=\"0\"><\/li>\n        <li data-u-target=\"#carousel_6edd\" class=\"u-grey-30\" data-u-slide-to=\"1\"><\/li>\n        <li data-u-target=\"#carousel_6edd\" class=\"u-grey-30\" data-u-slide-to=\"2\"><\/li>\n      <\/ol>\n      <div class=\"u-carousel-inner\" role=\"listbox\">\n        <div class=\"u-active u-align-center u-carousel-item u-clearfix u-palette-2-base u-section-1-1\">\n          <div class=\"u-clearfix u-sheet u-sheet-1\">\n            <h1 class=\"u-text u-text-default u-title u-text-1\"> Soportando el \u00e9xito de tu ne\u200bgocio<\/h1>\n          <\/div>\n        <\/div>\n        <div class=\"u-align-center u-carousel-item u-clearfix u-palette-2-base u-section-1-2\">\n          <div class=\"u-clearfix u-sheet u-sheet-1\">\n            <h1 class=\"u-text u-text-default u-title u-text-1\"> Con las mejores opciones de tecnolog\u00eda a tu alcance<\/h1>\n          <\/div>\n        <\/div>\n        <div class=\"u-align-center u-carousel-item u-clearfix u-palette-2-base u-section-1-3\">\n          <div class=\"u-clearfix u-sheet u-sheet-1\">\n            <h1 class=\"u-text u-text-default u-title u-text-1\"> El mejor precio y el mejor servicio<\/h1>\n          <\/div>\n        <\/div>\n      <\/div>\n      <a class=\"u-absolute-vcenter u-carousel-control u-carousel-control-prev u-text-grey-30 u-block-68b0-3\" href=\"#carousel_6edd\" role=\"button\" data-u-slide=\"prev\">\n        <span aria-hidden=\"true\">\n          <svg class=\"u-svg-link\" viewBox=\"0 0 477.175 477.175\"><path d=\"M145.188,238.575l215.5-215.5c5.3-5.3,5.3-13.8,0-19.1s-13.8-5.3-19.1,0l-225.1,225.1c-5.3,5.3-5.3,13.8,0,19.1l225.1,225\n                    c2.6,2.6,6.1,4,9.5,4s6.9-1.3,9.5-4c5.3-5.3,5.3-13.8,0-19.1L145.188,238.575z\"><\/path><\/svg>\n        <\/span>\n        <span class=\"sr-only\">Previous<\/span>\n      <\/a>\n      <a class=\"u-absolute-vcenter u-carousel-control u-carousel-control-next u-text-grey-30 u-block-68b0-4\" href=\"#carousel_6edd\" role=\"button\" data-u-slide=\"next\">\n        <span aria-hidden=\"true\">\n          <svg class=\"u-svg-link\" viewBox=\"0 0 477.175 477.175\"><path d=\"M360.731,229.075l-225.1-225.1c-5.3-5.3-13.8-5.3-19.1,0s-5.3,13.8,0,19.1l215.5,215.5l-215.5,215.5\n                    c-5.3,5.3-5.3,13.8,0,19.1c2.6,2.6,6.1,4,9.5,4c3.4,0,6.9-1.3,9.5-4l225.1-225.1C365.931,242.875,365.931,234.275,360.731,229.075z\"><\/path><\/svg>\n        <\/span>\n        <span class=\"sr-only\">Siguiente<\/span>\n      <\/a>\n    <\/section>\n    <section class=\"skrollable u-clearfix u-image u-section-2\" id=\"carousel_e1b3\" data-image-width=\"2000\" data-image-height=\"1333\" style=\"background-image: url(&quot;http:\/\/www.daycotel.com\/wordpress\/wp-content\/uploads\/2023\/01\/default-image-1.jpg&quot;);\">\n      <div class=\"u-container-style u-expanded-width u-group u-image u-shape-rectangle u-image-1\" data-image-width=\"667\" data-image-height=\"338\" style=\"background-image: url(&quot;http:\/\/www.daycotel.com\/wordpress\/wp-content\/uploads\/2023\/01\/Redes-1.jpg&quot;);\">\n        <div class=\"u-container-layout u-container-layout-1\"><\/div>\n      <\/div>\n      <div class=\"u-container-style u-group u-radius-14 u-shape-round u-white u-group-2\" data-animation-name=\"pulse\" data-animation-duration=\"1500\" data-animation-direction=\"\">\n        <div class=\"u-container-layout u-container-layout-2\">\n          <div class=\"u-container-style u-group u-shape-rectangle u-white u-group-3\">\n            <div class=\"u-container-layout u-container-layout-3\">\n              <h2 class=\"u-text u-text-1\"> Redes e instalaciones<\/h2>\n              <ul class=\"u-custom-list u-text u-text-2\">\n                <li>\n                  <div class=\"u-list-icon\">\n                    <svg xmlns=\"http:\/\/www.w3.org\/2000\/svg\" xmlns:xlink=\"http:\/\/www.w3.org\/1999\/xlink\" version=\"1.1\" xml:space=\"preserve\" class=\"u-svg-content\" viewBox=\"0 0 512 512\" id=\"svg-1f59\"><path d=\"m256 0c-141.164062 0-256 114.835938-256 256s114.835938 256 256 256 256-114.835938 256-256-114.835938-256-256-256zm0 0\" fill=\"#2196f3\"><\/path><path d=\"m385.75 201.75-138.667969 138.664062c-4.160156 4.160157-9.621093 6.253907-15.082031 6.253907s-10.921875-2.09375-15.082031-6.253907l-69.332031-69.332031c-8.34375-8.339843-8.34375-21.824219 0-30.164062 8.339843-8.34375 21.820312-8.34375 30.164062 0l54.25 54.25 123.585938-123.582031c8.339843-8.34375 21.820312-8.34375 30.164062 0 8.339844 8.339843 8.339844 21.820312 0 30.164062zm0 0\" fill=\"#fafafa\"><\/path><\/svg>\n                  <\/div>Instalaci\u00f3n de cableado estructurado para voz, datos y video \n                <\/li>\n                <li>\n                  <div class=\"u-list-icon\">\n                    <svg xmlns=\"http:\/\/www.w3.org\/2000\/svg\" xmlns:xlink=\"http:\/\/www.w3.org\/1999\/xlink\" version=\"1.1\" xml:space=\"preserve\" class=\"u-svg-content\" viewBox=\"0 0 512 512\" id=\"svg-1f59\"><path d=\"m256 0c-141.164062 0-256 114.835938-256 256s114.835938 256 256 256 256-114.835938 256-256-114.835938-256-256-256zm0 0\" fill=\"#2196f3\"><\/path><path d=\"m385.75 201.75-138.667969 138.664062c-4.160156 4.160157-9.621093 6.253907-15.082031 6.253907s-10.921875-2.09375-15.082031-6.253907l-69.332031-69.332031c-8.34375-8.339843-8.34375-21.824219 0-30.164062 8.339843-8.34375 21.820312-8.34375 30.164062 0l54.25 54.25 123.585938-123.582031c8.339843-8.34375 21.820312-8.34375 30.164062 0 8.339844 8.339843 8.339844 21.820312 0 30.164062zm0 0\" fill=\"#fafafa\"><\/path><\/svg>\n                  <\/div>Reubicaciones, movimientos y ampliaciones. \n                <\/li>\n                <li>\n                  <div class=\"u-list-icon\">\n                    <svg xmlns=\"http:\/\/www.w3.org\/2000\/svg\" xmlns:xlink=\"http:\/\/www.w3.org\/1999\/xlink\" version=\"1.1\" xml:space=\"preserve\" class=\"u-svg-content\" viewBox=\"0 0 512 512\" id=\"svg-1f59\"><path d=\"m256 0c-141.164062 0-256 114.835938-256 256s114.835938 256 256 256 256-114.835938 256-256-114.835938-256-256-256zm0 0\" fill=\"#2196f3\"><\/path><path d=\"m385.75 201.75-138.667969 138.664062c-4.160156 4.160157-9.621093 6.253907-15.082031 6.253907s-10.921875-2.09375-15.082031-6.253907l-69.332031-69.332031c-8.34375-8.339843-8.34375-21.824219 0-30.164062 8.339843-8.34375 21.820312-8.34375 30.164062 0l54.25 54.25 123.585938-123.582031c8.339843-8.34375 21.820312-8.34375 30.164062 0 8.339844 8.339843 8.339844 21.820312 0 30.164062zm0 0\" fill=\"#fafafa\"><\/path><\/svg>\n                  <\/div>Instalaci\u00f3n de redes en fibras \u00f3pticas. \n                <\/li>\n                <li>\n                  <div class=\"u-list-icon\">\n                    <svg xmlns=\"http:\/\/www.w3.org\/2000\/svg\" xmlns:xlink=\"http:\/\/www.w3.org\/1999\/xlink\" version=\"1.1\" xml:space=\"preserve\" class=\"u-svg-content\" viewBox=\"0 0 512 512\" id=\"svg-1f59\"><path d=\"m256 0c-141.164062 0-256 114.835938-256 256s114.835938 256 256 256 256-114.835938 256-256-114.835938-256-256-256zm0 0\" fill=\"#2196f3\"><\/path><path d=\"m385.75 201.75-138.667969 138.664062c-4.160156 4.160157-9.621093 6.253907-15.082031 6.253907s-10.921875-2.09375-15.082031-6.253907l-69.332031-69.332031c-8.34375-8.339843-8.34375-21.824219 0-30.164062 8.339843-8.34375 21.820312-8.34375 30.164062 0l54.25 54.25 123.585938-123.582031c8.339843-8.34375 21.820312-8.34375 30.164062 0 8.339844 8.339843 8.339844 21.820312 0 30.164062zm0 0\" fill=\"#fafafa\"><\/path><\/svg>\n                  <\/div>Instalaci\u00f3n de sistemas CCTV \n                <\/li>\n                <li>\n                  <div class=\"u-list-icon\">\n                    <svg xmlns=\"http:\/\/www.w3.org\/2000\/svg\" xmlns:xlink=\"http:\/\/www.w3.org\/1999\/xlink\" version=\"1.1\" xml:space=\"preserve\" class=\"u-svg-content\" viewBox=\"0 0 512 512\" id=\"svg-1f59\"><path d=\"m256 0c-141.164062 0-256 114.835938-256 256s114.835938 256 256 256 256-114.835938 256-256-114.835938-256-256-256zm0 0\" fill=\"#2196f3\"><\/path><path d=\"m385.75 201.75-138.667969 138.664062c-4.160156 4.160157-9.621093 6.253907-15.082031 6.253907s-10.921875-2.09375-15.082031-6.253907l-69.332031-69.332031c-8.34375-8.339843-8.34375-21.824219 0-30.164062 8.339843-8.34375 21.820312-8.34375 30.164062 0l54.25 54.25 123.585938-123.582031c8.339843-8.34375 21.820312-8.34375 30.164062 0 8.339844 8.339843 8.339844 21.820312 0 30.164062zm0 0\" fill=\"#fafafa\"><\/path><\/svg>\n                  <\/div>Instalaci\u00f3n de Redes inal\u00e1mbricas \n                <\/li>\n                <li>\n                  <div class=\"u-list-icon\">\n                    <svg xmlns=\"http:\/\/www.w3.org\/2000\/svg\" xmlns:xlink=\"http:\/\/www.w3.org\/1999\/xlink\" version=\"1.1\" xml:space=\"preserve\" class=\"u-svg-content\" viewBox=\"0 0 512 512\" id=\"svg-1f59\"><path d=\"m256 0c-141.164062 0-256 114.835938-256 256s114.835938 256 256 256 256-114.835938 256-256-114.835938-256-256-256zm0 0\" fill=\"#2196f3\"><\/path><path d=\"m385.75 201.75-138.667969 138.664062c-4.160156 4.160157-9.621093 6.253907-15.082031 6.253907s-10.921875-2.09375-15.082031-6.253907l-69.332031-69.332031c-8.34375-8.339843-8.34375-21.824219 0-30.164062 8.339843-8.34375 21.820312-8.34375 30.164062 0l54.25 54.25 123.585938-123.582031c8.339843-8.34375 21.820312-8.34375 30.164062 0 8.339844 8.339843 8.339844 21.820312 0 30.164062zm0 0\" fill=\"#fafafa\"><\/path><\/svg>\n                  <\/div>Canalizaci\u00f3n \u00e1rea abierta o subterr\u00e1nea \n                <\/li>\n                <li>\n                  <div class=\"u-list-icon\">\n                    <svg xmlns=\"http:\/\/www.w3.org\/2000\/svg\" xmlns:xlink=\"http:\/\/www.w3.org\/1999\/xlink\" version=\"1.1\" xml:space=\"preserve\" class=\"u-svg-content\" viewBox=\"0 0 512 512\" id=\"svg-1f59\"><path d=\"m256 0c-141.164062 0-256 114.835938-256 256s114.835938 256 256 256 256-114.835938 256-256-114.835938-256-256-256zm0 0\" fill=\"#2196f3\"><\/path><path d=\"m385.75 201.75-138.667969 138.664062c-4.160156 4.160157-9.621093 6.253907-15.082031 6.253907s-10.921875-2.09375-15.082031-6.253907l-69.332031-69.332031c-8.34375-8.339843-8.34375-21.824219 0-30.164062 8.339843-8.34375 21.820312-8.34375 30.164062 0l54.25 54.25 123.585938-123.582031c8.339843-8.34375 21.820312-8.34375 30.164062 0 8.339844 8.339843 8.339844 21.820312 0 30.164062zm0 0\" fill=\"#fafafa\"><\/path><\/svg>\n                  <\/div>Instalaciones el\u00e9ctricas en baja, media y alta tensi\u00f3n \n                <\/li>\n                <li>\n                  <div class=\"u-list-icon\">\n                    <svg xmlns=\"http:\/\/www.w3.org\/2000\/svg\" xmlns:xlink=\"http:\/\/www.w3.org\/1999\/xlink\" version=\"1.1\" xml:space=\"preserve\" class=\"u-svg-content\" viewBox=\"0 0 512 512\" id=\"svg-1f59\"><path d=\"m256 0c-141.164062 0-256 114.835938-256 256s114.835938 256 256 256 256-114.835938 256-256-114.835938-256-256-256zm0 0\" fill=\"#2196f3\"><\/path><path d=\"m385.75 201.75-138.667969 138.664062c-4.160156 4.160157-9.621093 6.253907-15.082031 6.253907s-10.921875-2.09375-15.082031-6.253907l-69.332031-69.332031c-8.34375-8.339843-8.34375-21.824219 0-30.164062 8.339843-8.34375 21.820312-8.34375 30.164062 0l54.25 54.25 123.585938-123.582031c8.339843-8.34375 21.820312-8.34375 30.164062 0 8.339844 8.339843 8.339844 21.820312 0 30.164062zm0 0\" fill=\"#fafafa\"><\/path><\/svg>\n                  <\/div>Instalaci\u00f3n y suministro de sistemas de aire acondicionado\n                <\/li>\n              <\/ul>\n            <\/div>\n          <\/div>\n        <\/div>\n      <\/div>\n    <\/section>\n    \n    \n    \n    \n  \n","protected":false},"excerpt":{"rendered":"<p>Soportando el \u00e9xito de tu ne\u200bgocio Con las mejores opciones de tecnolog\u00eda a tu alcance El mejor precio y el mejor servicio Previous Siguiente Redes e instalaciones Instalaci\u00f3n de cableado estructurado para voz, datos y video Reubicaciones, movimientos y ampliaciones. Instalaci\u00f3n de redes en fibras \u00f3pticas. Instalaci\u00f3n de sistemas CCTV Instalaci\u00f3n de Redes inal\u00e1mbricas Canalizaci\u00f3n &hellip; <a href=\"http:\/\/www.daycotel.com\/wordpress\/instalaciones-7\/\" class=\"more-link\">Continue reading<span class=\"screen-reader-text\"> &#8220;instalaciones&#8221;<\/span><\/a><\/p>\n","protected":false},"author":1,"featured_media":0,"parent":0,"menu_order":2,"comment_status":"closed","ping_status":"closed","template":"","meta":{"footnotes":""},"class_list":["post-348","page","type-page","status-publish","hentry"],"_links":{"self":[{"href":"http:\/\/www.daycotel.com\/wordpress\/wp-json\/wp\/v2\/pages\/348","targetHints":{"allow":["GET"]}}],"collection":[{"href":"http:\/\/www.daycotel.com\/wordpress\/wp-json\/wp\/v2\/pages"}],"about":[{"href":"http:\/\/www.daycotel.com\/wordpress\/wp-json\/wp\/v2\/types\/page"}],"author":[{"embeddable":true,"href":"http:\/\/www.daycotel.com\/wordpress\/wp-json\/wp\/v2\/users\/1"}],"replies":[{"embeddable":true,"href":"http:\/\/www.daycotel.com\/wordpress\/wp-json\/wp\/v2\/comments?post=348"}],"version-history":[{"count":1,"href":"http:\/\/www.daycotel.com\/wordpress\/wp-json\/wp\/v2\/pages\/348\/revisions"}],"predecessor-version":[{"id":360,"href":"http:\/\/www.daycotel.com\/wordpress\/wp-json\/wp\/v2\/pages\/348\/revisions\/360"}],"wp:attachment":[{"href":"http:\/\/www.daycotel.com\/wordpress\/wp-json\/wp\/v2\/media?parent=348"}],"curies":[{"name":"wp","href":"https:\/\/api.w.org\/{rel}","templated":true}]}}